{"id":1808,"date":"2018-02-15T15:39:56","date_gmt":"2018-02-15T14:39:56","guid":{"rendered":"http:\/\/www.pomurski-sejem.si\/for-visitors\/parkiranje\/"},"modified":"2018-06-28T09:25:58","modified_gmt":"2018-06-28T07:25:58","slug":"parking","status":"publish","type":"page","link":"https:\/\/www.pomurski-sejem.si\/en\/for-visitors\/parking\/","title":{"rendered":"Parking"},"content":{"rendered":"<div class=\"standard_wrapper\">\n<div  class=\"two_third withsmallpadding ppb_header \" style=\"text-align:left;padding:30px 0 30px 0;\" >\n<div class=\"page_content_wrapper\">\n<div class=\"inner\">\n<div style=\"width:100%\">\n<h2 class=\"ppb_title\" style=\";text-align:left;\">Parking maps<\/h2>\n<\/div>\n<\/div>\n<\/div>\n<\/div>\n<\/div>\n<div  class=\"one withsmallpadding ppb_text\" style=\"text-align:left;padding:30px 0 30px 0;\" >\n<div class=\"standard_wrapper\">\n<div class=\"page_content_wrapper\">\n<div class=\"inner\">\n<div style=\"margin:auto;width:100%\">\n<hr>\n<\/div>\n<\/div>\n<\/div>\n<\/div>\n<\/div>\n<div  class=\"one withsmallpadding ppb_text\" style=\"text-align:left;padding:30px 0 30px 0;\" >\n<div class=\"standard_wrapper\">\n<div class=\"page_content_wrapper\">\n<div class=\"inner\">\n<div style=\"margin:auto;width:100%\">\n<div class=\"one_half_bg \" style=\"background-color:#f5f5f5;color:#313e4e;\">\n<div style=\"padding:40px;box-sizing:border-box\">\n<h2>Parkiri\u0161\u010de 1<\/h2>\n<hr>\n<p>Urejeno parkiri\u0161\u010de ob Cesti na stadion.<br \/>\n\u0160tevilo parkirnih mest: <b>150<\/b><br \/>\nTip parkiranja: brezpla\u010dno v \u010dasu sejma<br \/>\n<br class=\"clear\" \/><br \/>\n<b>GPS kordinate<\/b><br \/>\n46\u00b041\u20326.38&#8243;N 16\u00b013\u20328.25&#8243;E\n<\/div>\n<\/div>\n<div class=\"one_half last \" style=\"\">\n<div class=\"map_shortcode_wrapper\" id=\"map15301707581143532889\" style=\"width:100%px;height:335px\">\n<div class=\"map-marker\" data-title=\"Parkiri\u0161\u010de 1\" data-latlng=\"46.675224,15.994527\" data-icon=\"http:\/\/www.pomurski-sejem.si\/wp-content\/uploads\/2018\/02\/map_marker.png\" >\n<div class=\"map-infowindow\">Parkiri\u0161\u010de 1<\/div>\n<\/div>\n<\/div>\n<\/div>\n<p><br class=\"clear\"\/><\/p>\n<div class=\"one_half_bg \" style=\"background-color:#f5f5f5;color:#313e4e;\">\n<div style=\"padding:40px;box-sizing:border-box\">\n<h2>Parkiri\u0161\u010de 2<\/h2>\n<hr>\n<p>Urejeno parkiri\u0161\u010de ob Mladinski cesti.<br \/>\n\u0160tevilo parkirnih mest: <b>350<\/b><br \/>\nTip parkiranja: brezpla\u010dno v \u010dasu sejma<br \/>\n<br class=\"clear\" \/><br \/>\n<b>GPS kordinate<\/b><br \/>\n46\u00b041\u20326.38&#8243;N 16\u00b013\u20328.25&#8243;E<\/div>\n<\/div>\n<div class=\"one_half last \" style=\"\">\n<div class=\"map_shortcode_wrapper\" id=\"map15301707581023484829\" style=\"width:100%px;height:335px\">\n<div class=\"map-marker\" data-title=\"Parkiri\u0161\u010de 1\" data-latlng=\"46.676141,15.996277\" data-icon=\"http:\/\/www.pomurski-sejem.si\/wp-content\/uploads\/2018\/02\/map_marker.png\" >\n<div class=\"map-infowindow\">Parkiri\u0161\u010de 1<\/div>\n<\/div>\n<\/div>\n<\/div>\n<p><br class=\"clear\"\/><\/p>\n<div class=\"one_half_bg \" style=\"background-color:#f5f5f5;color:#313e4e;\">\n<div style=\"padding:40px;box-sizing:border-box\">\n<h2>Parkiri\u0161\u010de 3<\/h2>\n<hr>\n<p>Urejeno parkiri\u0161\u010de ob Mladinski cesti.<br \/>\n\u0160tevilo parkirnih mest: <b>250<\/b><br \/>\nTip parkiranja: brezpla\u010dno v \u010dasu sejma<br \/>\n<br class=\"clear\" \/><br \/>\n<b>GPS kordinate<\/b><br \/>\n46\u00b041\u20326.38&#8243;N 16\u00b013\u20328.25&#8243;E<\/div>\n<\/div>\n<div class=\"one_half last \" style=\"\">\n<div class=\"map_shortcode_wrapper\" id=\"map153017075884766490\" style=\"width:100%px;height:335px\">\n<div class=\"map-marker\" data-title=\"Parkiri\u0161\u010de 1\" data-latlng=\"46.676141,15.996277\" data-icon=\"http:\/\/www.pomurski-sejem.si\/wp-content\/uploads\/2018\/02\/map_marker.png\" >\n<div class=\"map-infowindow\">Parkiri\u0161\u010de 1<\/div>\n<\/div>\n<\/div>\n<\/div>\n<p><br class=\"clear\"\/><\/p>\n<\/div>\n<\/div>\n<\/div>\n<\/div>\n<\/div>\n<div  class=\"one withsmallpadding ppb_text\" style=\"text-align:left;padding:30px 0 30px 0;\" >\n<div class=\"standard_wrapper\">\n<div class=\"page_content_wrapper\">\n<div class=\"inner\">\n<div style=\"margin:auto;width:100%\">\n<div class=\"one_half_bg \" style=\"background-color:#f5f5f5;color:#313e4e;\">\n<div style=\"padding:40px;box-sizing:border-box\">\n<h2>Parkiri\u0161\u010de 1<\/h2>\n<hr>\n<p>Urejeno parkiri\u0161\u010de ob Cesti na stadion.<br \/>\n\u0160tevilo parkirnih mest: <b>150<\/b><br \/>\nTip parkiranja: brezpla\u010dno v \u010dasu sejma<br \/>\n<br class=\"clear\" \/><br \/>\n<b>GPS kordinate<\/b><br \/>\n46\u00b041\u20326.38&#8243;N 16\u00b013\u20328.25&#8243;E\n<\/div>\n<\/div>\n<div class=\"one_half last \" style=\"\">\n<div class=\"map_shortcode_wrapper\" id=\"map15301707581724383056\" style=\"width:100%px;height:335px\">\n<div class=\"map-marker\" data-title=\"Parkiri\u0161\u010de 1\" data-latlng=\"46.675224,15.994527\" data-icon=\"http:\/\/www.pomurski-sejem.si\/wp-content\/uploads\/2018\/02\/map_marker.png\" >\n<div class=\"map-infowindow\">Parkiri\u0161\u010de 1<\/div>\n<\/div>\n<\/div>\n<\/div>\n<p><br class=\"clear\"\/><\/p>\n<div class=\"one_half_bg \" style=\"background-color:#f5f5f5;color:#313e4e;\">\n<div style=\"padding:40px;box-sizing:border-box\">\n<h2>Parkiri\u0161\u010de 2<\/h2>\n<hr>\n<p>Urejeno parkiri\u0161\u010de ob Mladinski cesti.<br \/>\n\u0160tevilo parkirnih mest: <b>350<\/b><br \/>\nTip parkiranja: brezpla\u010dno v \u010dasu sejma<br \/>\n<br class=\"clear\" \/><br \/>\n<b>GPS kordinate<\/b><br \/>\n46\u00b041\u20326.38&#8243;N 16\u00b013\u20328.25&#8243;E<\/div>\n<\/div>\n<div class=\"one_half last \" style=\"\">\n<div class=\"map_shortcode_wrapper\" id=\"map153017075823958418\" style=\"width:100%px;height:335px\">\n<div class=\"map-marker\" data-title=\"Parkiri\u0161\u010de 1\" data-latlng=\"46.676141,15.996277\" data-icon=\"http:\/\/www.pomurski-sejem.si\/wp-content\/uploads\/2018\/02\/map_marker.png\" >\n<div class=\"map-infowindow\">Parkiri\u0161\u010de 1<\/div>\n<\/div>\n<\/div>\n<\/div>\n<p><br class=\"clear\"\/><\/p>\n<div class=\"one_half_bg \" style=\"background-color:#f5f5f5;color:#313e4e;\">\n<div style=\"padding:40px;box-sizing:border-box\">\n<h2>Parkiri\u0161\u010de 3<\/h2>\n<hr>\n<p>Urejeno parkiri\u0161\u010de ob Mladinski cesti.<br \/>\n\u0160tevilo parkirnih mest: <b>250<\/b><br \/>\nTip parkiranja: brezpla\u010dno v \u010dasu sejma<br \/>\n<br class=\"clear\" \/><br \/>\n<b>GPS kordinate<\/b><br \/>\n46\u00b041\u20326.38&#8243;N 16\u00b013\u20328.25&#8243;E<\/div>\n<\/div>\n<div class=\"one_half last \" style=\"\">\n<div class=\"map_shortcode_wrapper\" id=\"map1530170758597624991\" style=\"width:100%px;height:335px\">\n<div class=\"map-marker\" data-title=\"Parkiri\u0161\u010de 1\" data-latlng=\"46.676141,15.996277\" data-icon=\"http:\/\/www.pomurski-sejem.si\/wp-content\/uploads\/2018\/02\/map_marker.png\" >\n<div class=\"map-infowindow\">Parkiri\u0161\u010de 1<\/div>\n<\/div>\n<\/div>\n<\/div>\n<p><br class=\"clear\"\/><\/p>\n<\/div>\n<\/div>\n<\/div>\n<\/div>\n<\/div>\n<div  class=\"one withsmallpadding ppb_text\" style=\"text-align:left;padding:30px 0 30px 0;\" >\n<div class=\"standard_wrapper\">\n<div class=\"page_content_wrapper\">\n<div class=\"inner\">\n<div style=\"margin:auto;width:100%\">\n<hr>\n<\/div>\n<\/div>\n<\/div>\n<\/div>\n<\/div>\n<div  class=\"one withsmallpadding ppb_text\" style=\"text-align:left;padding:30px 0 30px 0;\" >\n<div class=\"standard_wrapper\">\n<div class=\"page_content_wrapper\">\n<div class=\"inner\">\n<div style=\"margin:auto;width:100%\">\n<div class=\"one_sixth \" style=\"\"><a href=\"http:\/\/www.sejem-agra.si\/\"><\/p>\n<div class=\"teaser_wrapper one center\" style=\"\"><img fetchpriority=\"high\" decoding=\"async\" src=\"http:\/\/www.pomurski-sejem.si\/wp-content\/uploads\/2018\/02\/agra-logo-pokoncni.png\" alt=\"\" width=\"500\" height=\"500\" \/><\/div>\n<p><\/a><\/div>\n<div class=\"one_sixth \" style=\"\"><a href=\"http:\/\/www.megra.pomurski-sejem.si\/\"><\/p>\n<div class=\"teaser_wrapper one center\" style=\"\"><img decoding=\"async\" src=\"http:\/\/www.pomurski-sejem.si\/wp-content\/uploads\/2018\/02\/megra-logo-pokoncni.png\" alt=\"\" width=\"500\" height=\"500\" \/><\/div>\n<p><\/a><\/div>\n<div class=\"one_sixth \" style=\"\"><a href=\"http:\/\/www.pomladni.pomurski-sejem.si\/\"><\/p>\n<div class=\"teaser_wrapper one center\" style=\"\"><img decoding=\"async\" src=\"http:\/\/www.pomurski-sejem.si\/wp-content\/uploads\/2018\/02\/pomladni-logo-pokoncni.png\" alt=\"\" width=\"500\" height=\"500\" \/><\/div>\n<p><\/a><\/div>\n<div class=\"one_sixth \" style=\"\"><a href=\"http:\/\/www.green.pomurski-sejem.si\/\"><\/p>\n<div class=\"teaser_wrapper one center\" style=\"\"><img loading=\"lazy\" decoding=\"async\" src=\"http:\/\/www.pomurski-sejem.si\/wp-content\/uploads\/2018\/02\/green-logo-pokoncni.png\" alt=\"\" width=\"500\" height=\"500\" \/><\/div>\n<p><\/a><\/div>\n<div class=\"one_sixth \" style=\"\"><a href=\"http:\/\/www.medical.pomurski-sejem.si\/\"><\/p>\n<div class=\"teaser_wrapper one center\" style=\"\"><img loading=\"lazy\" decoding=\"async\" src=\"http:\/\/www.pomurski-sejem.si\/wp-content\/uploads\/2018\/02\/medical-logo-pokoncni.png\" alt=\"\" width=\"500\" height=\"500\" \/><\/div>\n<p><\/a><\/div>\n<div class=\"one_sixth last \" style=\"\"><a href=\"http:\/\/www.sejem-lov.si\/\"><\/p>\n<div class=\"teaser_wrapper one center\" style=\"\"><img loading=\"lazy\" decoding=\"async\" src=\"http:\/\/www.pomurski-sejem.si\/wp-content\/uploads\/2018\/02\/lov-logo-pokoncni.png\" alt=\"\" width=\"500\" height=\"500\" \/><\/div>\n<p><\/a><\/div>\n<p><br class=\"clear\"\/><\/p>\n<div class=\"one_sixth \" style=\"\"><a href=\"http:\/\/www.ribolov.pomurski-sejem.si\/\"><\/p>\n<div class=\"teaser_wrapper one center\" style=\"\"><img loading=\"lazy\" decoding=\"async\" src=\"http:\/\/www.pomurski-sejem.si\/wp-content\/uploads\/2018\/02\/ribolov-logo-pokoncni.png\" alt=\"\" width=\"500\" height=\"500\" \/><\/div>\n<p><\/a><\/div>\n<div class=\"one_sixth \" style=\"\"><a href=\"http:\/\/www.naturo.pomurski-sejem.si\/\"><\/p>\n<div class=\"teaser_wrapper one center\" style=\"\"><img loading=\"lazy\" decoding=\"async\" src=\"http:\/\/www.pomurski-sejem.si\/wp-content\/uploads\/2018\/02\/naturo-logo-pokoncni.png\" alt=\"\" width=\"500\" height=\"500\" \/><\/div>\n<p><\/a><\/div>\n<div class=\"one_sixth \" style=\"\"><a href=\"http:\/\/www.inpak.pomurski-sejem.si\/\"><\/p>\n<div class=\"teaser_wrapper one center\" style=\"\"><img loading=\"lazy\" decoding=\"async\" src=\"http:\/\/www.pomurski-sejem.si\/wp-content\/uploads\/2018\/02\/inpak-logo-pokoncni.png\" alt=\"\" width=\"500\" height=\"500\" \/><\/div>\n<p><\/a><\/div>\n<div class=\"one_sixth \" style=\"\"><a href=\"http:\/\/www.postviva.pomurski-sejem.si\/\"><\/p>\n<div class=\"teaser_wrapper one center\" style=\"\"><img loading=\"lazy\" decoding=\"async\" src=\"http:\/\/www.pomurski-sejem.si\/wp-content\/uploads\/2018\/02\/post-viva-logo-pokoncni.png\" alt=\"\" width=\"500\" height=\"500\" \/><\/div>\n<p><\/a><\/div>\n<div class=\"one_sixth \" style=\"\"><a href=\"http:\/\/www.sejem-sobra.si\/\"><\/p>\n<div class=\"teaser_wrapper one center\" style=\"\"><img loading=\"lazy\" decoding=\"async\" src=\"http:\/\/www.pomurski-sejem.si\/wp-content\/uploads\/2018\/02\/sobra-logo-pokoncni.png\" alt=\"\" width=\"500\" height=\"500\" \/><\/div>\n<p><\/a><\/div>\n<\/div>\n<\/div>\n<\/div>\n<\/div>\n<\/div>\n","protected":false},"excerpt":{"rendered":"<p>Parking maps Parkiri\u0161\u010de 1 Urejeno parkiri\u0161\u010de ob Cesti na stadion. \u0160tevilo parkirnih mest: 150 Tip parkiranja: brezpla\u010dno v \u010dasu sejma GPS kordinate 46\u00b041\u20326.38&#8243;N 16\u00b013\u20328.25&#8243;E Parkiri\u0161\u010de 1 Parkiri\u0161\u010de 2 Urejeno parkiri\u0161\u010de ob Mladinski cesti. \u0160tevilo parkirnih mest: 350 Tip parkiranja: brezpla\u010dno [&hellip;]<\/p>\n","protected":false},"author":1,"featured_media":1770,"parent":1803,"menu_order":0,"comment_status":"closed","ping_status":"closed","template":"","meta":{"footnotes":"","_links_to":"","_links_to_target":""},"class_list":["post-1808","page","type-page","status-publish","has-post-thumbnail","hentry"],"_links":{"self":[{"href":"https:\/\/www.pomurski-sejem.si\/en\/wp-json\/wp\/v2\/pages\/1808","targetHints":{"allow":["GET"]}}],"collection":[{"href":"https:\/\/www.pomurski-sejem.si\/en\/wp-json\/wp\/v2\/pages"}],"about":[{"href":"https:\/\/www.pomurski-sejem.si\/en\/wp-json\/wp\/v2\/types\/page"}],"author":[{"embeddable":true,"href":"https:\/\/www.pomurski-sejem.si\/en\/wp-json\/wp\/v2\/users\/1"}],"replies":[{"embeddable":true,"href":"https:\/\/www.pomurski-sejem.si\/en\/wp-json\/wp\/v2\/comments?post=1808"}],"version-history":[{"count":3,"href":"https:\/\/www.pomurski-sejem.si\/en\/wp-json\/wp\/v2\/pages\/1808\/revisions"}],"predecessor-version":[{"id":1811,"href":"https:\/\/www.pomurski-sejem.si\/en\/wp-json\/wp\/v2\/pages\/1808\/revisions\/1811"}],"up":[{"embeddable":true,"href":"https:\/\/www.pomurski-sejem.si\/en\/wp-json\/wp\/v2\/pages\/1803"}],"wp:featuredmedia":[{"embeddable":true,"href":"https:\/\/www.pomurski-sejem.si\/en\/wp-json\/wp\/v2\/media\/1770"}],"wp:attachment":[{"href":"https:\/\/www.pomurski-sejem.si\/en\/wp-json\/wp\/v2\/media?parent=1808"}],"curies":[{"name":"wp","href":"https:\/\/api.w.org\/{rel}","templated":true}]}}