{"id":1879,"date":"2018-02-23T09:40:26","date_gmt":"2018-02-23T08:40:26","guid":{"rendered":"http:\/\/www.pomurski-sejem.si\/ueber-die-messe\/kontakt\/"},"modified":"2026-04-10T08:13:22","modified_gmt":"2026-04-10T06:13:22","slug":"kontakt","status":"publish","type":"page","link":"https:\/\/www.pomurski-sejem.si\/de\/ueber-die-messe\/kontakt\/","title":{"rendered":"Kontakt"},"content":{"rendered":"<div class=\"standard_wrapper\">\n<div  class=\"two_third withsmallpadding ppb_header \" style=\"text-align:left;padding:30px 0 30px 0;\" >\n<div class=\"page_content_wrapper\">\n<div class=\"inner\">\n<div style=\"width:100%\">\n<h2 class=\"ppb_title\" style=\";text-align:left;\">Mitarbeiter<\/h2>\n<\/div>\n<\/div>\n<\/div>\n<\/div>\n<\/div>\n<div class=\"standard_wrapper\">\n<div  class=\"two_third withsmallpadding ppb_text\" style=\"text-align:left;padding:30px 0 30px 0;\" >\n<div class=\"standard_wrapper\">\n<div class=\"page_content_wrapper\">\n<div class=\"inner\">\n<div style=\"margin:auto;width:100%\">\n<hr>\n<\/div>\n<\/div>\n<\/div>\n<\/div>\n<\/div>\n<\/div>\n<div class=\"standard_wrapper\">\n<div  class=\"two_third withsmallpadding ppb_text\" style=\"text-align:left;padding:30px 0 30px 0;\" >\n<div class=\"standard_wrapper\">\n<div class=\"page_content_wrapper\">\n<div class=\"inner\">\n<div style=\"margin:auto;width:100%\">\n<p><strong>VORSTANDSVORSITZENDER<\/strong><br \/>\nJanez Erjavec<br \/>\nT: +386 (0)2 5642 100<\/p>\n<p><strong>GESCH\u00c4FTSSEKRET\u00c4RIN<\/strong><br \/>\nNives Regor\u0161ek<br \/>\nT: +386 (0)2 5642 100<br \/>\nE: <a href=\"mailto:tajnistvo@pomurski-sejem.si\">tajnistvo@pomurski-sejem.si<\/a><\/p>\n<p><strong>Boris Nicolas Erjavec<\/strong><br \/>\nCEO<br \/>\nT: +386 (0)2 5642 115<br \/>\nE: <a href=\"mailto:boris.erjavec@pomurski-sejem.si\">boris.erjavec@pomurski-sejem.si<\/a><\/p>\n<p><strong style=\"color: #222222;\">Sandra Sedmak<\/strong><br style=\"color: #222222;\" \/>Gesch\u00e4ftsf\u00fchrerin<br style=\"color: #222222;\" \/><span style=\"color: #222222;\">T: +386 (0)2 5642 118<\/span><br style=\"color: #222222;\" \/><span style=\"color: #222222;\">E:\u00a0<\/span><a style=\"color: #1e73be;\" href=\"mailto:sandra@pomurski-sejem.si\">sandra@pomurski-sejem.si<\/a><\/p>\n<p><strong>Jana Dimec<\/strong><br \/>\nProjektleiterin<br \/>\nT: +386 (0)2 5642 108<br \/>\nE: <a href=\"mailto:jana.dimec@pomurski-sejem.si\">jana.dimec@pomurski-sejem.si<\/a><\/p>\n<p><strong>Natalija Dvor\u0161ak<br \/>\n<\/strong>Projektleiterin<br \/>\nT: +386 (0)2 5642 116<br \/>\nE: <a href=\"mailto:natalija@pomurski-sejem.si\">natalija@pomurski-sejem.si<\/a><\/p>\n<p><strong>Bla\u017e Jakli\u010d<\/strong><br \/>\nProjektleiter<br \/>\nT: +386 (0)2 5642 104<br \/>\nE: <a href=\"mailto:blaz.jaklic@pomurski-sejem.si\">blaz.jaklic@pomurski-sejem.si<\/a><\/p>\n<p><strong>Miran Koleri\u010d<\/strong><br \/>\nProjektleiter<br \/>\nT.: 02 5642 113<br \/>\nE: <a href=\"mailto:miran@pomurski-sejem.si\">miran@pomurski-sejem.si<\/a><\/p>\n<p><strong>Miran Mate<\/strong><br \/>\n\u00d6ffentlichkeitsarbeit, Projektleiter<br \/>\nM: +386 (0)41 263 107<br \/>\nE: <a href=\"mailto:miran.mate@pomurski-sejem.si\">miran.mate@pomurski-sejem.si<\/a><\/p>\n<p><strong style=\"color: #222222;\">Lea Vu\u010dko<\/strong><br style=\"color: #222222;\" \/>Projektleiterin<br style=\"color: #222222;\" \/><span style=\"color: #222222;\">T: +386 (0)2 564 2 112<\/span><br style=\"color: #222222;\" \/>E: <a style=\"color: #1e73be;\" href=\"mailto:lea@pomurski-sejem.si\">lea@pomurski-sejem.si<\/a><\/p>\n<p><b><\/b><strong>Eklipsa, grafi\u010dno oblikovanje &#8211; Patrick Erjavec<\/strong><br \/>\nMessekatalog<br \/>\nT: +386 31 602 066<br \/>\nE: <a href=\"mailto:eklipsa.patrick@gmail.com\">eklipsa.patrick@gmail.com<\/a><\/p>\n<\/div>\n<\/div>\n<\/div>\n<\/div>\n<\/div>\n<\/div>\n<div class=\"standard_wrapper\">\n<div  class=\"two_third withsmallpadding ppb_header \" style=\"text-align:left;padding:30px 0 30px 0;\" >\n<div class=\"page_content_wrapper\">\n<div class=\"inner\">\n<div style=\"width:100%\">\n<h2 class=\"ppb_title\" style=\";text-align:left;\">Predstavni\u0161tva<\/h2>\n<\/div>\n<\/div>\n<\/div>\n<\/div>\n<\/div>\n<div class=\"standard_wrapper\">\n<div  class=\"two_third withsmallpadding ppb_text\" style=\"text-align:left;padding:30px 0 30px 0;\" >\n<div class=\"standard_wrapper\">\n<div class=\"page_content_wrapper\">\n<div class=\"inner\">\n<div style=\"margin:auto;width:100%\">\n<hr>\n<\/div>\n<\/div>\n<\/div>\n<\/div>\n<\/div>\n<\/div>\n<div class=\"standard_wrapper\">\n<div  class=\"two_third withsmallpadding ppb_text\" style=\"text-align:left;padding:30px 0 30px 0;\" >\n<div class=\"standard_wrapper\">\n<div class=\"page_content_wrapper\">\n<div class=\"inner\">\n<div style=\"margin:auto;width:100%\">\n<p><strong>\u00d6sterreich<\/strong><br \/>\nDr. Alexander Majcan<br \/>\nEmmenstrasse 24<br \/>\n8490 Bad Radkersburg<br \/>\nT: +43 690 1002 3539<br \/>\nE: <a href=\"mailto:alexander.majcan@gmx.at\">alexander.majcan@gmx.at<\/a><\/p>\n<p><strong>Ungarn<br \/>\n<\/strong>Havas Istv\u00e1n<br \/>\nHegyi utca 3.,<br \/>\n1026 Budapest, Hungary<br \/>\nT: +36 30 347 4668<br \/>\nE: havas.istvan@havas-consulting.hu<\/p>\n<p>Mac-Line Hungary Ltd.1 93 Felszabadul\u00e1s Str., R\u00f6szke H-6758<br \/>\nT\/F: +36 62 430 861<br \/>\nE: <a href=\"mailto:office@macline.hu\">office@macline.hu<\/a><br \/>\nW: <a href=\"http:\/\/www.macline.hu\/\" target=\"_blank\" rel=\"noopener\">www.macline.hu<\/a><\/p>\n<p><strong>Slowakei<\/strong><br \/>\n\u0160tefan Kun\u010dak<br \/>\nPlzenska 4, 83103 Bratislava 3<br \/>\nT\/F: +421 2 442 567 15<br \/>\nT: +421 907 72 94 07<br \/>\nE: <a href=\"mailto:skuncak@gmail.com\">skuncak@gmail.com<\/a><\/p>\n<p><strong>Kroatien<\/strong><br \/>\nManox d.o.o.<br \/>\nMarjan Novak<br \/>\nPu\u0161\u0107ine, \u010cakove\u010dka 79<br \/>\n40305 Nedeli\u0161\u0107e<br \/>\nT: +385 0 98 241 952<br \/>\nT\/F: +385 0 40 895 196<br \/>\nE: <a href=\"mailto:manox@manox.hr\">manox@manox.hr<\/a><\/p>\n<p><strong>Italija<\/strong><br \/>\nTURISMO srl<br \/>\nViale S. Marco, 58<br \/>\n30020 Venezia Italia<br \/>\nT +39 377 2394638<br \/>\n<a href=\"mailto:fiera.radgona@gmail.com\">fiera.radgona@gmail.com<\/a><br \/>\n<a href=\"http:\/\/www.turismosrl.it\" target=\"_blank\" rel=\"noopener\">www.turismosrl.it<\/a><\/p>\n<\/div>\n<\/div>\n<\/div>\n<\/div>\n<\/div>\n<\/div>\n<div  class=\"one withsmallpadding ppb_text\" style=\"text-align:left;padding:30px 0 30px 0;\" >\n<div class=\"standard_wrapper\">\n<div class=\"page_content_wrapper\">\n<div class=\"inner\">\n<div style=\"margin:auto;width:100%\">\n<hr>\n<\/div>\n<\/div>\n<\/div>\n<\/div>\n<\/div>\n<div  class=\"one withsmallpadding ppb_text\" style=\"text-align:left;padding:30px 0 30px 0;\" >\n<div class=\"standard_wrapper\">\n<div class=\"page_content_wrapper\">\n<div class=\"inner\">\n<div style=\"margin:auto;width:100%\">\n<div class=\"one_sixth \" style=\"\"><a href=\"http:\/\/www.sejem-agra.si\/\"><\/p>\n<div class=\"teaser_wrapper one center\" style=\"\"><img loading=\"lazy\" loading=\"lazy\" loading=\"lazy\" decoding=\"async\" src=\"http:\/\/www.pomurski-sejem.si\/wp-content\/uploads\/2018\/02\/agra-logo-pokoncni.png\" alt=\"\" width=\"500\" height=\"500\" \/><\/div>\n<p><\/a><\/div>\n<div class=\"one_sixth \" style=\"\"><a href=\"http:\/\/www.megra.pomurski-sejem.si\/\"><\/p>\n<div class=\"teaser_wrapper one center\" style=\"\"><img loading=\"lazy\" loading=\"lazy\" loading=\"lazy\" decoding=\"async\" src=\"http:\/\/www.pomurski-sejem.si\/wp-content\/uploads\/2018\/02\/megra-logo-pokoncni.png\" alt=\"\" width=\"500\" height=\"500\" \/><\/div>\n<p><\/a><\/div>\n<div class=\"one_sixth \" style=\"\"><a href=\"http:\/\/www.pomladni.pomurski-sejem.si\/\"><\/p>\n<div class=\"teaser_wrapper one center\" style=\"\"><img loading=\"lazy\" loading=\"lazy\" loading=\"lazy\" decoding=\"async\" src=\"https:\/\/www.pomurski-sejem.si\/wp-content\/uploads\/2018\/02\/pomladni-logo-pokoncni.png\" alt=\"\" width=\"500\" height=\"500\" \/><\/div>\n<p><\/a><\/div>\n<div class=\"one_sixth \" style=\"\"><a href=\"http:\/\/www.green.pomurski-sejem.si\/\"><\/p>\n<div class=\"teaser_wrapper one center\" style=\"\"><img loading=\"lazy\" loading=\"lazy\" loading=\"lazy\" decoding=\"async\" src=\"https:\/\/www.pomurski-sejem.si\/wp-content\/uploads\/2018\/02\/green-logo-pokoncni.png\" alt=\"\" width=\"500\" height=\"500\" \/><\/div>\n<p><\/a><\/div>\n<div class=\"one_sixth \" style=\"\"><a href=\"http:\/\/www.medical.pomurski-sejem.si\/\"><\/p>\n<div class=\"teaser_wrapper one center\" style=\"\"><img loading=\"lazy\" loading=\"lazy\" loading=\"lazy\" decoding=\"async\" src=\"http:\/\/www.pomurski-sejem.si\/wp-content\/uploads\/2018\/02\/medical-logo-pokoncni.png\" alt=\"\" width=\"500\" height=\"500\" \/><\/div>\n<p><\/a><\/div>\n<div class=\"one_sixth last \" style=\"\"><a href=\"http:\/\/www.sejem-lov.si\/\"><\/p>\n<div class=\"teaser_wrapper one center\" style=\"\"><img loading=\"lazy\" loading=\"lazy\" loading=\"lazy\" decoding=\"async\" src=\"http:\/\/www.pomurski-sejem.si\/wp-content\/uploads\/2018\/02\/lov-logo-pokoncni.png\" alt=\"\" width=\"500\" height=\"500\" \/><\/div>\n<p><\/a><\/div>\n<p><br class=\"clear\"\/><\/p>\n<div class=\"one_sixth \" style=\"\"><a href=\"http:\/\/www.ribolov.pomurski-sejem.si\/\"><\/p>\n<div class=\"teaser_wrapper one center\" style=\"\"><img loading=\"lazy\" loading=\"lazy\" loading=\"lazy\" decoding=\"async\" src=\"http:\/\/www.pomurski-sejem.si\/wp-content\/uploads\/2018\/02\/ribolov-logo-pokoncni.png\" alt=\"\" width=\"500\" height=\"500\" \/><\/div>\n<p><\/a><\/div>\n<div class=\"one_sixth \" style=\"\"><a href=\"http:\/\/www.naturo.pomurski-sejem.si\/\"><\/p>\n<div class=\"teaser_wrapper one center\" style=\"\"><img loading=\"lazy\" loading=\"lazy\" loading=\"lazy\" decoding=\"async\" src=\"http:\/\/www.pomurski-sejem.si\/wp-content\/uploads\/2018\/02\/naturo-logo-pokoncni.png\" alt=\"\" width=\"500\" height=\"500\" \/><\/div>\n<p><\/a><\/div>\n<div class=\"one_sixth \" style=\"\"><a href=\"http:\/\/www.inpak.pomurski-sejem.si\/\"><\/p>\n<div class=\"teaser_wrapper one center\" style=\"\"><img loading=\"lazy\" loading=\"lazy\" loading=\"lazy\" decoding=\"async\" src=\"http:\/\/www.pomurski-sejem.si\/wp-content\/uploads\/2018\/02\/inpak-logo-pokoncni.png\" alt=\"\" width=\"500\" height=\"500\" \/><\/div>\n<p><\/a><\/div>\n<div class=\"one_sixth \" style=\"\"><a href=\"http:\/\/www.postviva.pomurski-sejem.si\/\"><\/p>\n<div class=\"teaser_wrapper one center\" style=\"\"><img loading=\"lazy\" loading=\"lazy\" loading=\"lazy\" decoding=\"async\" src=\"http:\/\/www.pomurski-sejem.si\/wp-content\/uploads\/2018\/02\/post-viva-logo-pokoncni.png\" alt=\"\" width=\"500\" height=\"500\" \/><\/div>\n<p><\/a><\/div>\n<div class=\"one_sixth \" style=\"\"><a href=\"http:\/\/www.sejem-sobra.si\/\"><\/p>\n<div class=\"teaser_wrapper one center\" style=\"\"><img loading=\"lazy\" loading=\"lazy\" loading=\"lazy\" decoding=\"async\" src=\"http:\/\/www.pomurski-sejem.si\/wp-content\/uploads\/2018\/02\/sobra-logo-pokoncni.png\" alt=\"\" width=\"500\" height=\"500\" \/><\/div>\n<p><\/a><\/div>\n<\/div>\n<\/div>\n<\/div>\n<\/div>\n<\/div>\n","protected":false},"excerpt":{"rendered":"<p>Mitarbeiter VORSTANDSVORSITZENDER Janez Erjavec T: +386 (0)2 5642 100 GESCH\u00c4FTSSEKRET\u00c4RIN Nives Regor\u0161ek T: +386 (0)2 5642 100 E: tajnistvo@pomurski-sejem.si Boris Nicolas Erjavec CEO T: +386 (0)2 5642 115 E: boris.erjavec@pomurski-sejem.si Sandra SedmakGesch\u00e4ftsf\u00fchrerinT: +386 (0)2 5642 118E:\u00a0sandra@pomurski-sejem.si Jana Dimec Projektleiterin T: [&hellip;]<\/p>\n","protected":false},"author":1,"featured_media":1880,"parent":1874,"menu_order":0,"comment_status":"closed","ping_status":"closed","template":"","meta":{"footnotes":"","_links_to":"","_links_to_target":""},"class_list":["post-1879","page","type-page","status-publish","has-post-thumbnail","hentry"],"_links":{"self":[{"href":"https:\/\/www.pomurski-sejem.si\/de\/wp-json\/wp\/v2\/pages\/1879","targetHints":{"allow":["GET"]}}],"collection":[{"href":"https:\/\/www.pomurski-sejem.si\/de\/wp-json\/wp\/v2\/pages"}],"about":[{"href":"https:\/\/www.pomurski-sejem.si\/de\/wp-json\/wp\/v2\/types\/page"}],"author":[{"embeddable":true,"href":"https:\/\/www.pomurski-sejem.si\/de\/wp-json\/wp\/v2\/users\/1"}],"replies":[{"embeddable":true,"href":"https:\/\/www.pomurski-sejem.si\/de\/wp-json\/wp\/v2\/comments?post=1879"}],"version-history":[{"count":6,"href":"https:\/\/www.pomurski-sejem.si\/de\/wp-json\/wp\/v2\/pages\/1879\/revisions"}],"predecessor-version":[{"id":5668,"href":"https:\/\/www.pomurski-sejem.si\/de\/wp-json\/wp\/v2\/pages\/1879\/revisions\/5668"}],"up":[{"embeddable":true,"href":"https:\/\/www.pomurski-sejem.si\/de\/wp-json\/wp\/v2\/pages\/1874"}],"wp:featuredmedia":[{"embeddable":true,"href":"https:\/\/www.pomurski-sejem.si\/de\/wp-json\/wp\/v2\/media\/1880"}],"wp:attachment":[{"href":"https:\/\/www.pomurski-sejem.si\/de\/wp-json\/wp\/v2\/media?parent=1879"}],"curies":[{"name":"wp","href":"https:\/\/api.w.org\/{rel}","templated":true}]}}